{"id":12561,"date":"2022-02-04T18:31:56","date_gmt":"2022-02-04T17:34:27","guid":{"rendered":"https:\/\/www.yshiatsu.com\/?post_type=product&#038;p=12561"},"modified":"2023-02-07T12:13:26","modified_gmt":"2023-02-07T11:13:26","slug":"oferta-invierno-medicina-estetica-dr-falquez","status":"publish","type":"product","link":"https:\/\/www.yshiatsu.com\/es\/producte\/oferta-invierno-medicina-estetica-dr-falquez\/","title":{"rendered":"OFERTA INVIERNO MEDICINA ESTETICA DR. FALQUEZ."},"content":{"rendered":"<p>1)PACK IPL\/LASER<br \/>\nLASER CARA\/CUELLO + MESOTERAPIA \u00c1CIDO HIALUR\u00d3NICO HIDRATACI\u00d3N. 199\u20ac<\/p>\n<p>Elimina arrugas<br \/>\nBorra manchas\/rojeces<br \/>\nAcn\u00e9 activo y cicatricial<br \/>\nProducci\u00f3n de colageno<br \/>\nPeeling luminico<br \/>\nIluminar piel<br \/>\nUnificar tono<\/p>\n<p>2)Flacidez: Hilos tensores + mesoterapia hialuronic vitaminas(de regalo)  385\u20ac<\/p>\n<p>3) Remodelaci\u00f3n labios + Regalo mesoterapia con hialuronico  385\u20ac<\/p>\n<p>4\/ Botox Arrugas Frente \/ Entreceja\/ orbicular ojos + Regalo Mesoterapia hialuronic 385\u20ac<\/p>\n","protected":false},"excerpt":{"rendered":"<p>1)PACK IPL\/LASER LASER CARA\/CUELLO + MESOTERAPIA \u00c1CIDO HIALUR\u00d3NICO HIDRATACI\u00d3N. 199\u20ac Elimina arrugas Borra manchas\/rojeces Acn\u00e9 activo y cicatricial Producci\u00f3n de colageno Peeling luminico Iluminar piel Unificar<span class=\"excerpt-hellip\"> [\u2026]<\/span><\/p>\n","protected":false},"featured_media":18757,"template":"","meta":[],"_links":{"self":[{"href":"https:\/\/www.yshiatsu.com\/es\/wp-json\/wp\/v2\/product\/12561"}],"collection":[{"href":"https:\/\/www.yshiatsu.com\/es\/wp-json\/wp\/v2\/product"}],"about":[{"href":"https:\/\/www.yshiatsu.com\/es\/wp-json\/wp\/v2\/types\/product"}],"wp:featuredmedia":[{"embeddable":true,"href":"https:\/\/www.yshiatsu.com\/es\/wp-json\/wp\/v2\/media\/18757"}],"wp:attachment":[{"href":"https:\/\/www.yshiatsu.com\/es\/wp-json\/wp\/v2\/media?parent=12561"}],"curies":[{"name":"wp","href":"https:\/\/api.w.org\/{rel}","templated":true}]}}