{"id":12652,"date":"2021-05-02T09:38:32","date_gmt":"2021-05-02T07:38:32","guid":{"rendered":"https:\/\/www.yshiatsu.com\/producte\/deluxe-recarga-de-la-creme-128-50ml-2\/"},"modified":"2021-05-02T09:38:32","modified_gmt":"2021-05-02T07:38:32","slug":"deluxe-recarga-de-la-creme-128-50ml-2","status":"publish","type":"product","link":"https:\/\/www.yshiatsu.com\/es\/producte\/deluxe-recarga-de-la-creme-128-50ml-2\/","title":{"rendered":"DELUXE.RECARGA DE LA CREME 128 , 50ML"},"content":{"rendered":"<p>ADEM\u00c1S, DESCUBRA TAMBI\u00c9N LA M\u00c1S PRECIOSA DE LAS QUEMAS EN SU ESTUCHE RECARGABLE.<\/p>\n","protected":false},"excerpt":{"rendered":"<p>Esta crema protege la piel gracias a las c\u00e9lulas madre d\u00e9rmicas, reduce el proceso de envejecimiento prematuro debido al micro-estr\u00e9s diario, reactiva la s\u00edntesis de componentes esenciales de la juventud y de la belleza de la piel y regenera las c\u00e9lulas epid\u00e9rmicas.<\/p>\n<p>&#8211; Arrugas de las cejas: -43% &#8211; Pies de gallo: -38% &#8211; Surco nanosegiano: -37%<br \/>\nC\u00e9lulas madre obtenidas de Rose Sothys y el aceite precioso de la flor de porcelana que preserva los cimientos de la juventud de la piel, (acci\u00f3n preventiva) y restaura (acci\u00f3n reparaci\u00f3n) la integridad de la piel.<\/p>\n<p>Glucanos de hoja de melocot\u00f3n que refuerzan las defensas naturales de la piel.<\/p>\n","protected":false},"featured_media":9160,"template":"","meta":[],"_links":{"self":[{"href":"https:\/\/www.yshiatsu.com\/es\/wp-json\/wp\/v2\/product\/12652"}],"collection":[{"href":"https:\/\/www.yshiatsu.com\/es\/wp-json\/wp\/v2\/product"}],"about":[{"href":"https:\/\/www.yshiatsu.com\/es\/wp-json\/wp\/v2\/types\/product"}],"wp:featuredmedia":[{"embeddable":true,"href":"https:\/\/www.yshiatsu.com\/es\/wp-json\/wp\/v2\/media\/9160"}],"wp:attachment":[{"href":"https:\/\/www.yshiatsu.com\/es\/wp-json\/wp\/v2\/media?parent=12652"}],"curies":[{"name":"wp","href":"https:\/\/api.w.org\/{rel}","templated":true}]}}