{"id":12653,"date":"2021-05-02T09:21:19","date_gmt":"2022-02-08T17:29:25","guid":{"rendered":"https:\/\/www.yshiatsu.com\/?post_type=product&#038;p=12653"},"modified":"2022-02-08T18:29:26","modified_gmt":"2022-02-08T17:29:26","slug":"deluxe-la-creme-128-50ml","status":"publish","type":"product","link":"https:\/\/www.yshiatsu.com\/es\/producte\/deluxe-la-creme-128-50ml\/","title":{"rendered":"DELUXE.La Cr\u00e8me 128. 50ML"},"content":{"rendered":"<p>ACTIVOS<br \/>\nGlucanos DE HOJAS DE PRESSEGUER<br \/>\nVerdadero coach celular para reforzar las capacidades naturales de defensa de la piel.<\/p>\n<p>D\u00daO EXCLUSIVO DE C\u00c9LULAS MADRE DE ROSE Sothys Y ACEITE PRECIOSO DE FLOR DE PORCELANA<br \/>\nPreservar los cimientos de una piel joven (acci\u00f3n preventiva) y restablecer la integridad cut\u00e1nea (acci\u00f3n reparadora).<br \/>\nFRAGANCIAS<br \/>\nfloral<\/p>\n<p>afrutado<\/p>\n<p>almizcle<br \/>\nBENEFICIOS<br \/>\nLa piel irradia belleza y parece visiblemente m\u00e1s joven. Cr\u00e8me 128 reduce visiblemente el volumen de las arrugas de la cara. *<\/p>\n<p>&#8211; Entreceja: hasta -43% **<br \/>\n&#8211; Patas de gallo: hasta -38%***<br \/>\n&#8211; Surco nasogeniano: hasta -37%****.<\/p>\n","protected":false},"excerpt":{"rendered":"<p>Esta crema, satisfecha de activos excepcionales, contiene el m\u00e1s precioso de los secretos, el de la juventud de la piel. Su textura voluptuosa y sutilmente perfumada envuelve la piel en el m\u00e1s delicioso de los rituales de belleza.<br \/>\nADEM\u00c1S, DESCUBRA TAMBI\u00c9N LA M\u00c1S PRECIOSA DE LAS CREMAS EN SU ESTUCHE RECARGABLE.,(RECARGA DE LA CREME 128 , 50ML)<\/p>\n<p>UTILIZACI\u00d3N<br \/>\nSe aplica ma\u00f1ana y noche con ligeros effleurages sobre el rostro y el cuello.<\/p>\n","protected":false},"featured_media":9153,"template":"","meta":[],"_links":{"self":[{"href":"https:\/\/www.yshiatsu.com\/es\/wp-json\/wp\/v2\/product\/12653"}],"collection":[{"href":"https:\/\/www.yshiatsu.com\/es\/wp-json\/wp\/v2\/product"}],"about":[{"href":"https:\/\/www.yshiatsu.com\/es\/wp-json\/wp\/v2\/types\/product"}],"wp:featuredmedia":[{"embeddable":true,"href":"https:\/\/www.yshiatsu.com\/es\/wp-json\/wp\/v2\/media\/9153"}],"wp:attachment":[{"href":"https:\/\/www.yshiatsu.com\/es\/wp-json\/wp\/v2\/media?parent=12653"}],"curies":[{"name":"wp","href":"https:\/\/api.w.org\/{rel}","templated":true}]}}