{"id":25110,"date":"2023-10-02T17:40:25","date_gmt":"2023-10-02T15:43:40","guid":{"rendered":"https:\/\/www.yshiatsu.com\/?post_type=product&#038;p=25110"},"modified":"2023-10-02T19:04:07","modified_gmt":"2023-10-02T17:04:07","slug":"mycode-advanced-072-resurfacing-retinol-crema-50ml","status":"publish","type":"product","link":"https:\/\/www.yshiatsu.com\/es\/producte\/mycode-advanced-072-resurfacing-retinol-crema-50ml\/","title":{"rendered":"Mycode advanced 072 Resurfacing-Retinol Crema. 50Ml"},"content":{"rendered":"<p>ACCIONES:<br \/>\n-Rejuvenecedora global.<br \/>\n-Redenseficante<br \/>\n-Aclarante<br \/>\n-Reafirmante<br \/>\n-Antioxidante<br \/>\n-Seborreguladora<br \/>\n-Unificadora<br \/>\n-Descongestiva<\/p>\n<p>PRINCIPIOS ACTIVOS:<\/p>\n<p>-Revinage :Activo de origen vegetal y una alternativa segura y estable a los reinoides. Estimula la proliferaci\u00f3n celular, aumentando la producci\u00f3n de col\u00e1geno y elastina, aportando mayor firmeza a la piel y atenuando la apariencia de las arrugas y las l\u00edneas de expresi\u00f3n. Acci\u00f3n antioxidante, calmante y seborreguladora.Reduce la producci\u00f3n de melanina.<br \/>\n-Bacuchiol :Es un ingrediente de origen vegetal, que proviene de las semillas, y las hojas del arbol babchi. Tiene resultados similares a los del retinol sin los efectos secundarios.<br \/>\nDestaca sus propiedades: rejuvenecedora, antioxidante, despigmentate y descongestiva.<br \/>\n-Vitamina E : Vitamina de alto poder antioxidante que ayuda a combatir la acci\u00f3n de los radicales libres, que son los principales causantes del envejecimiento celular.<\/p>\n","protected":false},"excerpt":{"rendered":"<p>DESCRIPCI\u00d3N<br \/>\nCrema rejuvenecedora facial con intensa acci\u00f3n regenerante y reparadora de las funciones celulares d\u00e9rmicas. Aportan confort y ayuda a la recuperaci\u00f3n de la piel despu\u00e9s de tratamientos profesionales con retinol.<br \/>\nMODO APLICACI\u00d3N:<br \/>\nAplicar 2ml (tama\u00f1o de un garbanzo) de producto repartido entre rostro, cuello y escote, realizando un suave masaje siempre en direcci\u00f3n ascendente hasta su total absorci\u00f3n.<br \/>\nAplicarlo de noche.<\/p>\n","protected":false},"featured_media":25107,"template":"","meta":[],"_links":{"self":[{"href":"https:\/\/www.yshiatsu.com\/es\/wp-json\/wp\/v2\/product\/25110"}],"collection":[{"href":"https:\/\/www.yshiatsu.com\/es\/wp-json\/wp\/v2\/product"}],"about":[{"href":"https:\/\/www.yshiatsu.com\/es\/wp-json\/wp\/v2\/types\/product"}],"wp:featuredmedia":[{"embeddable":true,"href":"https:\/\/www.yshiatsu.com\/es\/wp-json\/wp\/v2\/media\/25107"}],"wp:attachment":[{"href":"https:\/\/www.yshiatsu.com\/es\/wp-json\/wp\/v2\/media?parent=25110"}],"curies":[{"name":"wp","href":"https:\/\/api.w.org\/{rel}","templated":true}]}}