{"id":25111,"date":"2023-10-02T17:57:30","date_gmt":"2023-10-02T15:57:30","guid":{"rendered":"https:\/\/www.yshiatsu.com\/?post_type=product&#038;p=25111"},"modified":"2023-10-02T17:57:31","modified_gmt":"2023-10-02T15:57:31","slug":"mycode-advanced-062-firming-crema-facial-reafirmante-50ml","status":"publish","type":"product","link":"https:\/\/www.yshiatsu.com\/es\/producte\/mycode-advanced-062-firming-crema-facial-reafirmante-50ml\/","title":{"rendered":"MYCODE ADVANCED 062 FIRMING CREMA FACIAL REAFIRMANTE 50ML"},"content":{"rendered":"<p>ACCIONES<br \/>\n\u2022 Reafirmante.<br \/>\n\u2022 Rellenadora.<br \/>\n\u2022 Tensora.<\/p>\n<p>PRINCIPIOS ACTIVOS<br \/>\nTENS\u2019UP\u2122: Activo cosm\u00e9tico que combina tecnolog\u00eda y estructura, formando una matriz tridimensional a base de galactomananos y oligosac\u00e1ridos, actuando en la superficie de la piel formando una pel\u00edcula con efecto tensor inmediato y prolongado.<\/p>\n<p>MATRIXYL\u00ae 3000: Ayuda a la activaci\u00f3n del proceso de reparaci\u00f3n cut\u00e1nea. Las matrikinas son p\u00e9ptidos que activan las funciones celulares, especialmente la proliferaci\u00f3n celular, y con ello, la s\u00edntesis de col\u00e1geno y elastina, mejorando la estructura y elasticidad de la piel.<\/p>\n<p>COL\u00c1GENO HIDROLIZADO (Soluble Collagen): Bio-Marine Collagen 6 es un col\u00e1geno soluble de origen marino de alta pureza. Incrementa la formaci\u00f3n de prote\u00edna fibrosa que va a conformar las fibras de sost\u00e9n de las capas superiores de la piel, proporcionando elasticidad y resistencia.<\/p>\n<p>HIDROLIZADO DE ELASTINA (Hydrolyzed Elastin): Mejora las propiedades biodin\u00e1micas de la piel potenciando su elasticidad y proporcionando los amino\u00e1cidos y p\u00e9ptidos necesarios para aumentar la s\u00edntesis de elastina, disminuyendo as\u00ed el envejecimiento prematuro de la piel.<\/p>\n<p>SILICIO ORG\u00c1NICO (Methylsilanol Mannuronate): Forma parte de la estructura natural del tejido conectivo de la piel. Estabiliza y mantiene la arquitectura de los tejidos cut\u00e1neos, estimulando los fibroblastos y favoreciendo la bios\u00edntesis de las fibras de col\u00e1geno, elastina y proteoglicanos. Mejora la elasticidad y firmeza cut\u00e1neas, reduciendo as\u00ed las arrugas finas y mejorando la luminosidad de la piel.<\/p>\n<p>\u00c1CIDO HIALUR\u00d3NICO (Sodium Hyaluronate): Activo higrosc\u00f3pico que preserva la elasticidad y firmeza de la piel. Su capacidad humectante y de retenci\u00f3n de agua proporciona densidad, relleno e hidrataci\u00f3n profunda, adem\u00e1s de prevenir la deshidrataci\u00f3n de la epidermis.<\/p>\n","protected":false},"excerpt":{"rendered":"<p>DESCRIPCI\u00d3N<br \/>\nCrema rejuvenecedora facial con intensa acci\u00f3n reafirmante y restauradora de los contornos faciales, que mejora la estructura y elasticidad de la piel.<br \/>\nRESULTADO<br \/>\nUna piel firme, rellena, retexturizada, y con volumen.<\/p>\n","protected":false},"featured_media":25112,"template":"","meta":[],"_links":{"self":[{"href":"https:\/\/www.yshiatsu.com\/es\/wp-json\/wp\/v2\/product\/25111"}],"collection":[{"href":"https:\/\/www.yshiatsu.com\/es\/wp-json\/wp\/v2\/product"}],"about":[{"href":"https:\/\/www.yshiatsu.com\/es\/wp-json\/wp\/v2\/types\/product"}],"wp:featuredmedia":[{"embeddable":true,"href":"https:\/\/www.yshiatsu.com\/es\/wp-json\/wp\/v2\/media\/25112"}],"wp:attachment":[{"href":"https:\/\/www.yshiatsu.com\/es\/wp-json\/wp\/v2\/media?parent=25111"}],"curies":[{"name":"wp","href":"https:\/\/api.w.org\/{rel}","templated":true}]}}