{"id":25115,"date":"2023-10-02T19:08:11","date_gmt":"2023-10-02T17:08:11","guid":{"rendered":"https:\/\/www.yshiatsu.com\/?post_type=product&#038;p=25115"},"modified":"2025-02-08T11:54:05","modified_gmt":"2025-02-08T10:54:05","slug":"mycode-advanced-022-calming-crema-facial-reconfortante-50ml","status":"publish","type":"product","link":"https:\/\/www.yshiatsu.com\/es\/producte\/mycode-advanced-022-calming-crema-facial-reconfortante-50ml\/","title":{"rendered":"MYCODE ADVANCED. 022 CALMING CREMA FACIAL RECONFORTANTE 50ml"},"content":{"rendered":"<p>ACCIONES<br \/>\n\u2022 Descongestiva.<br \/>\n\u2022 Regenerante.<br \/>\n\u2022 Hidratante.<br \/>\n\u2022 Antioxidante.<br \/>\n\u2022 Reafirmante.<\/p>\n<p>PRINCIPIOS ACTIVOS<br \/>\nEPITENSIVE\u2122 (PLANT-EGF): Factor de crecimiento de origen vegetal que estimula la s\u00edntesis de col\u00e1geno, elastina y otras prote\u00ednas, as\u00ed como la regeneraci\u00f3n extracelular. Tambi\u00e9n acelera el proceso de reepitelizaci\u00f3n y reparaci\u00f3n de la piel.<\/p>\n<p>\u00c1CIDO HIALUR\u00d3NICO (Sodium Hyaluronate): Activo higrosc\u00f3pico que preserva la elasticidad y firmeza de la piel. Su capacidad humectante y de retenci\u00f3n de agua proporciona densidad, relleno e hidrataci\u00f3n profunda, adem\u00e1s de prevenir la deshidrataci\u00f3n de la epidermis.<\/p>\n<p>\u00c1CIDO TI\u00d3CTICO (Thioctic Acid): Antioxidante natural que nos ayuda a combatir los radicales libres. Debido al incremento de microcirculaci\u00f3n cut\u00e1nea que provoca, refuerza la aportaci\u00f3n de sustancias fundamentales y mejora la descongesti\u00f3n de la piel.<\/p>\n<p>\u00c1CIDO FER\u00daLICO (Ferulic Acid): Antioxidante que neutraliza los radicales libres y previene el da\u00f1o a las c\u00e9lulas contrarrestando el fotoenvejecimiento. Ayuda a conservar la matriz celular de los tejidos y protege la capa d\u00e9rmica.<\/p>\n<p>AGUA DE MAR (Maris Aqua): La alta concentraci\u00f3n en sales minerales del Agua de Mar es rica en minerales y oligoelementos, que aportan resistencia a los tejidos m\u00e1s deteriorados.<\/p>\n<p>EXTRACTO DE SEMILLA DE CALABAZA (Curcubita Pepo Seed Extract): El Extracto de Semilla de Calabaza es rico en enzimas capaces de estimular la regeneraci\u00f3n de las capas m\u00e1s superficiales de la piel.<\/p>\n","protected":false},"excerpt":{"rendered":"<p>DESCRIPCI\u00d3N<br \/>\nCrema rejuvenecedora facial reconfortante para pieles congestionadas con falta de confort cut\u00e1neo.<\/p>\n<p>ACCIONES<br \/>\n\u2022 Descongestiva.<br \/>\n\u2022 Regenerante.<br \/>\n\u2022 Hidratante.<br \/>\n\u2022 Antioxidante.<br \/>\n\u2022 Reafirmante.<\/p>\n","protected":false},"featured_media":25116,"template":"","meta":[],"_links":{"self":[{"href":"https:\/\/www.yshiatsu.com\/es\/wp-json\/wp\/v2\/product\/25115"}],"collection":[{"href":"https:\/\/www.yshiatsu.com\/es\/wp-json\/wp\/v2\/product"}],"about":[{"href":"https:\/\/www.yshiatsu.com\/es\/wp-json\/wp\/v2\/types\/product"}],"wp:featuredmedia":[{"embeddable":true,"href":"https:\/\/www.yshiatsu.com\/es\/wp-json\/wp\/v2\/media\/25116"}],"wp:attachment":[{"href":"https:\/\/www.yshiatsu.com\/es\/wp-json\/wp\/v2\/media?parent=25115"}],"curies":[{"name":"wp","href":"https:\/\/api.w.org\/{rel}","templated":true}]}}