{"id":25125,"date":"2023-10-02T19:22:17","date_gmt":"2023-10-02T17:22:17","guid":{"rendered":"https:\/\/www.yshiatsu.com\/?post_type=product&#038;p=25125"},"modified":"2023-10-02T19:22:17","modified_gmt":"2023-10-02T17:22:17","slug":"mycode-advanced-053-plumping-ultra-rich-crema-facial-redensificante-ultra-rica-50ml","status":"publish","type":"product","link":"https:\/\/www.yshiatsu.com\/es\/producte\/mycode-advanced-053-plumping-ultra-rich-crema-facial-redensificante-ultra-rica-50ml\/","title":{"rendered":"MYCODE ADVANCED.053 PLUMPING \u2013 ULTRA RICH CREMA FACIAL REDENSIFICANTE ULTRA-RICA 50ml"},"content":{"rendered":"<p>ACCIONES<br \/>\n\u2022 Rellenadora.<br \/>\n\u2022 Reafirmante.<br \/>\n\u2022 Regenerante.<br \/>\n\u2022 Hidratante.<br \/>\n\u2022 Nutritiva.<\/p>\n<p>PRINCIPIOS ACTIVOS<br \/>\n\u00c1CIDO HIALUR\u00d3NICO DE BAJO Y MEDIO PESO MOLECULAR (Sodium Hyaluronate): Esta combinaci\u00f3n proporciona hidrataci\u00f3n intensa en las capas m\u00e1s profundas de la piel y restaura los niveles \u00f3ptimos de hidrataci\u00f3n a niveles m\u00e1s superficiales previniendo la fuga de agua. Ayuda a eliminar los signos visibles del envejecimiento consecuencia de deshidrataci\u00f3n.<\/p>\n<p>ACETYL HEXAPEPTIDE-51 AMIDE: Complejo pept\u00eddico que incrementa la longevidad de la piel y previene los deterioros asociados al exposoma.<\/p>\n<p>COL\u00c1GENO HIDROLIZADO (Soluble Collagen): Bio-Marine Collagen 6 es un col\u00e1geno soluble de origen marino de alta pureza. Incrementa la formaci\u00f3n de prote\u00edna fibrosa de sost\u00e9n, proporcionando elasticidad y resistencia.<\/p>\n<p>HIDROLIZADO DE ELASTINA (Hydrolyzed Elastin): Mejora las propiedades biodin\u00e1micas de la piel potenciando su elasticidad y proporcionando los amino\u00e1cidos y p\u00e9ptidos necesarios para aumentar la s\u00edntesis de elastina, disminuyendo as\u00ed el envejecimiento prematuro de la piel.<\/p>\n<p>SILICIO ORG\u00c1NICO (Methylsilanol Mannuronate): Estabiliza y mantiene la arquitectura de los tejidos cut\u00e1neos, estimulando los fibroblastos y favoreciendo la bios\u00edntesis de las fibras de col\u00e1geno, elastina y proteoglicanos. Mejora la elasticidad y firmeza cut\u00e1neas, reduciendo as\u00ed las arrugas finas.<\/p>\n<p>RADICARE\u00ae GOLD: Activo antirradicales libres y antiedad, que se encarga de proteger a la piel frente las radiaciones. Refuerza la barrera cut\u00e1nea y aumenta la elasticidad de la piel.<\/p>\n<p>C\u00d3CTEL NUTRITIVO: Su combinaci\u00f3n en aceites de Rosa de Mosqueta, Jojoba, Semillas de Abisinia, Girasol y Almendras Dulces la hacen un producto altamente nutriente y reparador, consiguiendo hidratar en profundidad, calmar y regenerar la piel.<\/p>\n","protected":false},"excerpt":{"rendered":"<p>DESCRIPCI\u00d3N<br \/>\nCrema rejuvenecedora facial redensificante con intensa acci\u00f3n rellenadora de arrugas y rasgos de expresi\u00f3n. Indicada para pieles maduras secas a muy secas.<\/p>\n<p>ACCIONES<br \/>\n\u2022 Rellenadora.<br \/>\n\u2022 Reafirmante.<br \/>\n\u2022 Regenerante.<br \/>\n\u2022 Hidratante.<br \/>\n\u2022 Nutritiva.<\/p>\n","protected":false},"featured_media":25126,"template":"","meta":[],"_links":{"self":[{"href":"https:\/\/www.yshiatsu.com\/es\/wp-json\/wp\/v2\/product\/25125"}],"collection":[{"href":"https:\/\/www.yshiatsu.com\/es\/wp-json\/wp\/v2\/product"}],"about":[{"href":"https:\/\/www.yshiatsu.com\/es\/wp-json\/wp\/v2\/types\/product"}],"wp:featuredmedia":[{"embeddable":true,"href":"https:\/\/www.yshiatsu.com\/es\/wp-json\/wp\/v2\/media\/25126"}],"wp:attachment":[{"href":"https:\/\/www.yshiatsu.com\/es\/wp-json\/wp\/v2\/media?parent=25125"}],"curies":[{"name":"wp","href":"https:\/\/api.w.org\/{rel}","templated":true}]}}