{"id":25161,"date":"2023-10-03T19:17:43","date_gmt":"2023-10-03T17:17:43","guid":{"rendered":"https:\/\/www.yshiatsu.com\/?post_type=product&#038;p=25161"},"modified":"2025-02-08T11:50:35","modified_gmt":"2025-02-08T10:50:35","slug":"mycode-advanced-04-concentrado-facial-despigmentante-30ml","status":"publish","type":"product","link":"https:\/\/www.yshiatsu.com\/es\/producte\/mycode-advanced-04-concentrado-facial-despigmentante-30ml\/","title":{"rendered":"MYCODE ADVANCED.011 CONCENTRADO FACIAL REVITALIZANTE 30ml"},"content":{"rendered":"<p>ACCIONES<br \/>\n\u2022 Despigmentante.<br \/>\n\u2022 Blanqueante.<br \/>\n\u2022 Antioxidante.<br \/>\n\u2022 Hidratante.<\/p>\n<p>PRINCIPIOS ACTIVOS<br \/>\nNICOTINAMIDA (Niacinamide): Es una forma de Vitamina B3. Unifica el tono de la piel, eliminando las tonalidades amarillentas producidas por los procesos metab\u00f3licos de oxidaci\u00f3n. Tiene un gran poder antioxidante.<\/p>\n<p>RESORCINOL (Resorcinol): Activo despigmentante que consigue atenuar manchas oscuras y unificar el tono de la piel. Aplic\u00e1ndolo de forma continua, act\u00faa sobre la enzima productora de la tirosinasa y melanina, reduciendo as\u00ed la pigmentaci\u00f3n que se haya podido producir por el sol y otros factores.<\/p>\n<p>\u00c1CIDO TRANEX\u00c1MICO (Tranexamic Acid): Es un amino\u00e1cido sint\u00e9tico derivado de la Lisina. Ofrece un mecanismo de acci\u00f3n m\u00faltiple frente al melasma y estabilidad para las pieles sensibles con m\u00e1s tendencia a la hiperpigmentaci\u00f3n inflamatoria.<\/p>\n<p>AGUA DE ROSAS DAMASCENA (Rosa Damascena Flower Water): Es conocida como el s\u00edmbolo de la belleza y de la eterna juventud. Tiene propiedades hidratantes, nutrientes, reafirmantes, astringentes, descongestivas, as\u00ed como un gran poder antioxidante.<\/p>\n","protected":false},"excerpt":{"rendered":"<p>DESCRIPCI\u00d3N<br \/>\nConcentrado rejuvenecedor facial corrector de los signos de hiperpigmentaci\u00f3n cut\u00e1nea para pieles con manchas epid\u00e9rmicas oscuras y decoloraciones producidas por la edad, el sol y\/o otros factores. Unifica el tono de la piel, mostr\u00e1ndola nuevamente radiante.<\/p>\n<p>ACCIONES<br \/>\n\u2022 Despigmentante.<br \/>\n\u2022 Blanqueante.<br \/>\n\u2022 Antioxidante.<br \/>\n\u2022 Hidratante.<\/p>\n","protected":false},"featured_media":25144,"template":"","meta":[],"_links":{"self":[{"href":"https:\/\/www.yshiatsu.com\/es\/wp-json\/wp\/v2\/product\/25161"}],"collection":[{"href":"https:\/\/www.yshiatsu.com\/es\/wp-json\/wp\/v2\/product"}],"about":[{"href":"https:\/\/www.yshiatsu.com\/es\/wp-json\/wp\/v2\/types\/product"}],"wp:featuredmedia":[{"embeddable":true,"href":"https:\/\/www.yshiatsu.com\/es\/wp-json\/wp\/v2\/media\/25144"}],"wp:attachment":[{"href":"https:\/\/www.yshiatsu.com\/es\/wp-json\/wp\/v2\/media?parent=25161"}],"curies":[{"name":"wp","href":"https:\/\/api.w.org\/{rel}","templated":true}]}}