{"id":25170,"date":"2023-10-03T19:25:24","date_gmt":"2023-10-03T17:27:22","guid":{"rendered":"https:\/\/www.yshiatsu.com\/?post_type=product&#038;p=25170"},"modified":"2025-02-08T11:51:41","modified_gmt":"2025-02-08T10:51:41","slug":"mycode-advanced-05-concentrado-facial-rellenado-30ml","status":"publish","type":"product","link":"https:\/\/www.yshiatsu.com\/es\/producte\/mycode-advanced-05-concentrado-facial-rellenado-30ml\/","title":{"rendered":"MYCODE ADVANCED.051 CONCENTRADO FACIAL RELLENADO 30ml"},"content":{"rendered":"<p>ACCIONES<br \/>\n\u2022 Rellenadora.<br \/>\n\u2022 Redensificante.<br \/>\n\u2022 Hidratante.<br \/>\n\u2022 Descongestiva.<\/p>\n<p>PRINCIPIOS ACTIVOS<br \/>\n\u00c1CIDO HIALUR\u00d3NICO DE BAJO Y MEDIO PESO MOLECULAR (Sodium Hyaluronate): Esta combinaci\u00f3n proporciona, respectivamente, hidrataci\u00f3n intensa en las capas m\u00e1s profundas de la piel y restaura los niveles \u00f3ptimos de hidrataci\u00f3n previniendo la fuga de agua a niveles m\u00e1s superficiales. Ayuda a eliminar los signos visibles del envejecimiento como l\u00edneas de expresi\u00f3n y arrugas, sobre todo si son consecuencia de deshidrataci\u00f3n.<\/p>\n<p>PANTENOL (Panthenol): Calmante y descongestivo. Hidrata profundamente la piel y tiene una gran capacidad regenerante y redensificante al estimular en los procesos de autocuraci\u00f3n.<\/p>\n<p>UREA (Urea): Gran poder de compactaci\u00f3n d\u00e9rmica. Evita la p\u00e9rdida de agua transepid\u00e9rmica, mejora la hidrataci\u00f3n profunda y preserva, de este modo, las sustancias esenciales que mantienen la estructura de los tejidos y que aportan resistencia a la piel.<\/p>\n<p>ACETYL HEXAPEPTIDE-51 AMIDE: Complejo pept\u00eddico que incrementa la longevidad de la piel y previene los deterioros asociados al exposoma.<\/p>\n","protected":false},"excerpt":{"rendered":"<p>DESCRIPCI\u00d3N<br \/>\nConcentrado rejuvenecedor facial rellenador que redensifica, tersa y repulpa las pieles con falta de densidad, arrugas est\u00e1ticas profundas y rasgos de expresi\u00f3n marcados para ofrecer un aspecto m\u00e1s jugoso. Efecto lifting que alisa el relieve cut\u00e1neo.<\/p>\n<p>ACCIONES<br \/>\n\u2022 Rellenadora.<br \/>\n\u2022 Redensificante.<br \/>\n\u2022 Hidratante.<br \/>\n\u2022 Descongestiva.<\/p>\n","protected":false},"featured_media":25169,"template":"","meta":[],"_links":{"self":[{"href":"https:\/\/www.yshiatsu.com\/es\/wp-json\/wp\/v2\/product\/25170"}],"collection":[{"href":"https:\/\/www.yshiatsu.com\/es\/wp-json\/wp\/v2\/product"}],"about":[{"href":"https:\/\/www.yshiatsu.com\/es\/wp-json\/wp\/v2\/types\/product"}],"wp:featuredmedia":[{"embeddable":true,"href":"https:\/\/www.yshiatsu.com\/es\/wp-json\/wp\/v2\/media\/25169"}],"wp:attachment":[{"href":"https:\/\/www.yshiatsu.com\/es\/wp-json\/wp\/v2\/media?parent=25170"}],"curies":[{"name":"wp","href":"https:\/\/api.w.org\/{rel}","templated":true}]}}