{"id":25189,"date":"2023-10-03T20:25:32","date_gmt":"2023-10-03T18:27:40","guid":{"rendered":"https:\/\/www.yshiatsu.com\/?post_type=product&#038;p=25189"},"modified":"2025-02-08T11:57:49","modified_gmt":"2025-02-08T10:57:49","slug":"mycode-advanced-095-hydronutrition-mascarilla-facial-hidro-nutritiva-50ml","status":"publish","type":"product","link":"https:\/\/www.yshiatsu.com\/es\/producte\/mycode-advanced-095-hydronutrition-mascarilla-facial-hidro-nutritiva-50ml\/","title":{"rendered":"MYCODE ADVANCED.095 HYDRONUTRITION MASCARILLA FACIAL HIDRO-NUTRITIVA 50ml"},"content":{"rendered":"<p>ACCIONES<br \/>\n\u2022 Hidratante.<br \/>\n\u2022 Nutritiva.<br \/>\n\u2022 Regeneradora.<br \/>\n\u2022 Descongestiva.<\/p>\n<p>PRINCIPIOS ACTIVOS<br \/>\nRADICARE\u00ae GOLD: Activo antirradicales libres y antiedad, que se encarga de proteger a la piel frente las radiaciones. Refuerza la barrera cut\u00e1nea y aumenta la elasticidad de la piel.<\/p>\n<p>C\u00d3CTEL NUTRITIVO: Su concentraci\u00f3n en aceites y ceras de Oliva, Girasol, Aguacate, Semillas de Abisinia, Mimosa y Jojoba, la hacen altamente nutriente y protectora. Equilibra el film hidrolip\u00eddico, preservando e incrementando los recursos naturales, favoreciendo las funciones \u00f3ptimas de la piel.<\/p>\n<p>EXTRACTO DE SEMILLA DE CALABAZA (Curcubita Pepo Seed Extract): El Extracto de Semilla de Calabaza es rico en enzimas capaces de estimular la regeneraci\u00f3n de las capas m\u00e1s superficiales de la piel.<\/p>\n<p>AGUA DE MAR (Maris Aqua): Su alta concentraci\u00f3n en sales minerales y oligoelementos aportan resistencia a los tejidos m\u00e1s deteriorados.<\/p>\n<p>ALANTO\u00cdNA (Allantoin): Sustancia humectante que aumenta la hidrataci\u00f3n de las capas superficiales de la piel, reparando as\u00ed la funci\u00f3n barrera. Promueve la regeneraci\u00f3n celular y posee propiedades calmantes y descongestivas.<\/p>\n<p>PANTENOL (Panthenol): Calmante, y descongestivo. Hidrata profundamente la piel y tiene una gran capacidad regenerante al estimular en los procesos de autocuraci\u00f3n.<\/p>\n<p>EXTRACTO DE MANZANILLA (Chamomilla Recutita Flower Extract): Debido a su contenido en Bisabolol proporciona un efecto descongestivo y calmante en la piel, adem\u00e1s de reducir la apariencia de las rojeces superficiales.<\/p>\n","protected":false},"excerpt":{"rendered":"<p>DESCRIPCI\u00d3N<br \/>\nMascarilla facial hidronutritiva de textura cremosa que repara y reestructura la barrera protectora hidrolip\u00eddica de la piel, aportando una hidrataci\u00f3n y una nutrici\u00f3n intensas a la piel.<\/p>\n<p>ACCIONES<br \/>\n\u2022 Hidratante.<br \/>\n\u2022 Nutritiva.<br \/>\n\u2022 Regeneradora.<br \/>\n\u2022 Descongestiva.<\/p>\n","protected":false},"featured_media":25188,"template":"","meta":[],"_links":{"self":[{"href":"https:\/\/www.yshiatsu.com\/es\/wp-json\/wp\/v2\/product\/25189"}],"collection":[{"href":"https:\/\/www.yshiatsu.com\/es\/wp-json\/wp\/v2\/product"}],"about":[{"href":"https:\/\/www.yshiatsu.com\/es\/wp-json\/wp\/v2\/types\/product"}],"wp:featuredmedia":[{"embeddable":true,"href":"https:\/\/www.yshiatsu.com\/es\/wp-json\/wp\/v2\/media\/25188"}],"wp:attachment":[{"href":"https:\/\/www.yshiatsu.com\/es\/wp-json\/wp\/v2\/media?parent=25189"}],"curies":[{"name":"wp","href":"https:\/\/api.w.org\/{rel}","templated":true}]}}