{"id":25190,"date":"2023-10-03T20:32:32","date_gmt":"2023-10-03T18:32:32","guid":{"rendered":"https:\/\/www.yshiatsu.com\/?post_type=product&#038;p=25190"},"modified":"2025-02-08T11:40:28","modified_gmt":"2025-02-08T10:40:28","slug":"mycode-advance-082-neck-and-decollete-crema-remodelante-de-cuello-y-escote-50ml","status":"publish","type":"product","link":"https:\/\/www.yshiatsu.com\/es\/producte\/mycode-advance-082-neck-and-decollete-crema-remodelante-de-cuello-y-escote-50ml\/","title":{"rendered":"MYCODE ADVANCE.082 NECK AND D\u00c9COLLET\u00c9 CREMA REMODELANTE DE CUELLO Y ESCOTE 50ml"},"content":{"rendered":"<p>ACCIONES<br \/>\n\u2022 Rellenadora.<br \/>\n\u2022 Regenerante.<br \/>\n\u2022 Reafirmante.<br \/>\n\u2022 Lipol\u00edtica.<br \/>\n\u2022 Nutritiva.<\/p>\n<p>PRINCIPIOS ACTIVOS<br \/>\nTENS\u2019UP\u2122: Activo cosm\u00e9tico que combina tecnolog\u00eda y estructura, formando una matriz tridimensional a base de galactomananos y oligosac\u00e1ridos, actuando en la superficie de la piel formando una pel\u00edcula con efecto tensor inmediato y prolongado.<\/p>\n<p>MATRIXYL\u00ae 3000: Ayuda a la activaci\u00f3n del proceso de reparaci\u00f3n cut\u00e1nea. Las matrikinas son p\u00e9ptidos que activan las funciones celulares, especialmente la proliferaci\u00f3n celular, y con ello, la s\u00edntesis de col\u00e1geno y elastina, mejorando la estructura y elasticidad de la piel.<\/p>\n<p>COL\u00c1GENO HIDROLIZADO (Soluble Collagen): Bio-Marine Collagen 6 es un col\u00e1geno soluble de origen marino de alta pureza. Incrementa la formaci\u00f3n de prote\u00edna fibrosa que va a conformar las fibras de sost\u00e9n de las capas superiores de la piel, proporcionando elasticidad y resistencia.<\/p>\n<p>HIDROLIZADO DE ELASTINA (Hydrolyzed Elastin): Mejora las propiedades biodin\u00e1micas de la piel potenciando su elasticidad y proporcionando los amino\u00e1cidos y p\u00e9ptidos necesarios para aumentar la s\u00edntesis de elastina, disminuyendo as\u00ed el envejecimiento prematuro de la piel.<\/p>\n<p>SILICIO ORG\u00c1NICO (Methylsilanol Mannuronate): Estabiliza y mantiene la arquitectura de los tejidos cut\u00e1neos, estimulando los fibroblastos y favoreciendo la bios\u00edntesis de las fibras de col\u00e1geno, elastina y proteoglicanos. Mejora la elasticidad y firmeza cut\u00e1neas, reduciendo as\u00ed las arrugas finas.<\/p>\n<p>\u00c1CIDO HIALUR\u00d3NICO (Sodium Hyaluronate): Activo higrosc\u00f3pico que preserva la elasticidad y firmeza de la piel. Su capacidad humectante y de retenci\u00f3n de agua proporciona densidad, relleno e hidrataci\u00f3n profunda, adem\u00e1s de prevenir la deshidrataci\u00f3n de la epidermis.<\/p>\n<p>GLAUCINA (Glaucine): La Glaucina es una mol\u00e9cula multifuncional que permite estimular la lip\u00f3lisis e inhibir la aparici\u00f3n de nuevos adipocitos, regulando el flujo c\u00e1lcico. Al actuar sobre el metabolismo de los pre-adipocitos y de los adipocitos, previene la apariencia y reduce de manera significativa el espesor y el volumen del tejido adiposo de la papada.<\/p>\n<p>ACEITE DE ARG\u00c1N (Argania Spinosa Kernel Oil): Activo hidratante y altamente nutritivo, aporta suavidad y elasticidad a la piel.<\/p>\n","protected":false},"excerpt":{"rendered":"<p>ACCIONES \u2022 Rellenadora. \u2022 Regenerante. \u2022 Reafirmante. \u2022 Lipol\u00edtica. \u2022 Nutritiva. PRINCIPIOS ACTIVOS TENS\u2019UP\u2122: Activo cosm\u00e9tico que combina tecnolog\u00eda y estructura, formando una matriz tridimensional a<span class=\"excerpt-hellip\"> [\u2026]<\/span><\/p>\n","protected":false},"featured_media":25191,"template":"","meta":[],"_links":{"self":[{"href":"https:\/\/www.yshiatsu.com\/es\/wp-json\/wp\/v2\/product\/25190"}],"collection":[{"href":"https:\/\/www.yshiatsu.com\/es\/wp-json\/wp\/v2\/product"}],"about":[{"href":"https:\/\/www.yshiatsu.com\/es\/wp-json\/wp\/v2\/types\/product"}],"wp:featuredmedia":[{"embeddable":true,"href":"https:\/\/www.yshiatsu.com\/es\/wp-json\/wp\/v2\/media\/25191"}],"wp:attachment":[{"href":"https:\/\/www.yshiatsu.com\/es\/wp-json\/wp\/v2\/media?parent=25190"}],"curies":[{"name":"wp","href":"https:\/\/api.w.org\/{rel}","templated":true}]}}