{"id":28612,"date":"2023-09-30T11:41:05","date_gmt":"2023-09-30T09:41:05","guid":{"rendered":"https:\/\/www.yshiatsu.com\/producte\/yodeyma-fluido-hidratante-light-fluid\/"},"modified":"2023-09-30T11:41:05","modified_gmt":"2023-09-30T09:41:05","slug":"yodeyma-fluido-hidratante-light-fluid","status":"publish","type":"product","link":"https:\/\/www.yshiatsu.com\/es\/producte\/yodeyma-fluido-hidratante-light-fluid\/","title":{"rendered":"Yodeyma Fluido hidratante Light Fluid"},"content":{"rendered":"<p>*Fluido libre de aceites, con elementos hidratantes de larga duraci\u00f3n.<br \/>\n*F\u00f3rmula muy fresca, mitad crema y mitad gel aporta un plus de hidrataci\u00f3n.<br \/>\n*Base perfecta para maquillaje, prolongando su duraci\u00f3n.<\/p>\n<p>El producto induce a una acci\u00f3n hidratante de las capas superiores de la piel.<br \/>\nEncontrar\u00e1 una hidrataci\u00f3n de +14% hasta las 24h y con un pico de hidrataci\u00f3n a las 6h de aplicaci\u00f3n hasta un 34,3%<\/p>\n<p>Utilizaci\u00f3n:<br \/>\nAplicar por la ma\u00f1ana y por la noche sobre el rostro limpio y sobre el cuello, y masajear ligeramente hasta su completa absorci\u00f3n.<\/p>\n<p>POR PIEL NORMAL A MIXTA<\/p>\n","protected":false},"excerpt":{"rendered":"<p>*Fluido libre de aceites, con elementos hidratantes de larga duraci\u00f3n.<br \/>\n*F\u00f3rmula muy fresca, mitad crema y mitad gel aporta un plus de hidrataci\u00f3n.<br \/>\n*Base perfecta para maquillaje, prolongando su duraci\u00f3n.<\/p>\n","protected":false},"featured_media":25074,"template":"","meta":[],"_links":{"self":[{"href":"https:\/\/www.yshiatsu.com\/es\/wp-json\/wp\/v2\/product\/28612"}],"collection":[{"href":"https:\/\/www.yshiatsu.com\/es\/wp-json\/wp\/v2\/product"}],"about":[{"href":"https:\/\/www.yshiatsu.com\/es\/wp-json\/wp\/v2\/types\/product"}],"wp:featuredmedia":[{"embeddable":true,"href":"https:\/\/www.yshiatsu.com\/es\/wp-json\/wp\/v2\/media\/25074"}],"wp:attachment":[{"href":"https:\/\/www.yshiatsu.com\/es\/wp-json\/wp\/v2\/media?parent=28612"}],"curies":[{"name":"wp","href":"https:\/\/api.w.org\/{rel}","templated":true}]}}