{"id":8746,"date":"2021-04-22T14:52:42","date_gmt":"2021-04-22T14:52:42","guid":{"rendered":"http:\/\/www.yshiatsu.com\/ecommerce\/?post_type=product&#038;p=8746"},"modified":"2021-09-17T09:53:11","modified_gmt":"2021-09-17T07:53:11","slug":"glaciar-soft-lotion-locio-tonica-facial-200ml","status":"publish","type":"product","link":"https:\/\/www.yshiatsu.com\/es\/producte\/glaciar-soft-lotion-locio-tonica-facial-200ml\/","title":{"rendered":"GLACIAR.Two PHASES DESMAQUILLANTE DE OJOS bif\u00e1sico 200ml"},"content":{"rendered":"<p>PRINCIPIOS ACTIVOS<br \/>\nGLICERINA (Glycerin): De origen vegetal, incrementa la captaci\u00f3n de mol\u00e9culas de agua, mejorando la hidrataci\u00f3n y preservando los recursos naturales de la piel.<br \/>\nCOMPOSICI\u00d3N<br \/>\nAQUA, CYCLOPENTASILOXANE, ISOHEXADECANE, Glycerin, Propylene Glycol, Sodium Hydroxide, CI 14720, CI 42051, EDTA, potassium SORBATE, Sodium benzoate.<\/p>\n<p>RESULTADO<br \/>\nUn contorno de ojos y labios sin restos de maquillaje.<\/p>\n","protected":false},"excerpt":{"rendered":"<p>DESCRIPCI\u00d3N<br \/>\nLoci\u00f3n t\u00f3nica facial suave con efecto emoliente apta para todo tipo de pieles, especialmente para pieles normales y secas. Su principal funci\u00f3n es restablecer el pH de la piel, para protegerla de las agresiones externas y potenciar el resultado del tratamiento posterior. Apta para pieles sensibles.<\/p>\n<p>ACCIONES<br \/>\n\u2022 Equilibrando.<br \/>\n\u2022 Protectora.<br \/>\n\u2022 Refrescante.<\/p>\n","protected":false},"featured_media":8687,"template":"","meta":[],"_links":{"self":[{"href":"https:\/\/www.yshiatsu.com\/es\/wp-json\/wp\/v2\/product\/8746"}],"collection":[{"href":"https:\/\/www.yshiatsu.com\/es\/wp-json\/wp\/v2\/product"}],"about":[{"href":"https:\/\/www.yshiatsu.com\/es\/wp-json\/wp\/v2\/types\/product"}],"wp:featuredmedia":[{"embeddable":true,"href":"https:\/\/www.yshiatsu.com\/es\/wp-json\/wp\/v2\/media\/8687"}],"wp:attachment":[{"href":"https:\/\/www.yshiatsu.com\/es\/wp-json\/wp\/v2\/media?parent=8746"}],"curies":[{"name":"wp","href":"https:\/\/api.w.org\/{rel}","templated":true}]}}